      {"id":453,"date":"2017-06-10T15:04:28","date_gmt":"2017-06-10T13:04:28","guid":{"rendered":"http:\/\/www.konnekting.de\/?page_id=453"},"modified":"2017-06-18T13:15:20","modified_gmt":"2017-06-18T11:15:20","slug":"microbcu-knx-transceiver-mit-uart-interface","status":"publish","type":"page","link":"https:\/\/www.konnekting.de\/en\/projekte\/microbcu-knx-transceiver-mit-uart-interface\/","title":{"rendered":"MicroBCU: KNX-Transceiver mit UART Interface"},"content":{"rendered":"<p>In der <a href=\"https:\/\/www.konnekting.de\/konnekting-lernen\/lektion-2-was-steckt-in-der-siemens-bcu\/\">Lektion 2<\/a> wurde eine Siemens BCU vorgestellt.<\/p>\n<p>Was passiert, wenn man ein sehr kleines KONNEKTING Device entwickeln m\u00f6chte und die Siemens BCU zu gro\u00df daf\u00fcr ist? Genau, man entwickelt eine eigene und kleinere BCU. So ist die MicroBCU entstanden:<\/p>\n<p><img loading=\"lazy\" decoding=\"async\" class=\"alignnone size-medium wp-image-455\" src=\"https:\/\/www.konnekting.de\/wp-content\/uploads\/2017\/06\/MicroBCU_back-300x288.jpg\" alt=\"\" width=\"300\" height=\"288\" srcset=\"https:\/\/www.konnekting.de\/wp-content\/uploads\/2017\/06\/MicroBCU_back-300x288.jpg 300w, https:\/\/www.konnekting.de\/wp-content\/uploads\/2017\/06\/MicroBCU_back-768x737.jpg 768w, https:\/\/www.konnekting.de\/wp-content\/uploads\/2017\/06\/MicroBCU_back.jpg 944w\" sizes=\"auto, (max-width: 300px) 85vw, 300px\" \/><\/p>\n<p><!--more--><\/p>\n<p><img loading=\"lazy\" decoding=\"async\" class=\"alignnone size-medium wp-image-454\" src=\"https:\/\/www.konnekting.de\/wp-content\/uploads\/2017\/06\/MicroBCU_front-300x247.jpg\" alt=\"\" width=\"300\" height=\"247\" srcset=\"https:\/\/www.konnekting.de\/wp-content\/uploads\/2017\/06\/MicroBCU_front-300x247.jpg 300w, https:\/\/www.konnekting.de\/wp-content\/uploads\/2017\/06\/MicroBCU_front-768x632.jpg 768w, https:\/\/www.konnekting.de\/wp-content\/uploads\/2017\/06\/MicroBCU_front-1024x842.jpg 1024w, https:\/\/www.konnekting.de\/wp-content\/uploads\/2017\/06\/MicroBCU_front-1200x987.jpg 1200w, https:\/\/www.konnekting.de\/wp-content\/uploads\/2017\/06\/MicroBCU_front.jpg 1290w\" sizes=\"auto, (max-width: 300px) 85vw, 300px\" \/><\/p>\n<p>Die Eckdaten im Vergleich zu Siemens BCU:<\/p>\n<table width=\"350\">\n<colgroup>\n<col width=\"96\" \/>\n<col width=\"145\" \/>\n<col width=\"109\" \/> <\/colgroup>\n<tbody>\n<tr>\n<td class=\"xl62\" width=\"96\" height=\"20\"><\/td>\n<td class=\"xl62\" width=\"145\"><strong>MicroBCU<\/strong><\/td>\n<td class=\"xl62\" width=\"109\"><strong>SiemensBCU<\/strong><\/td>\n<\/tr>\n<tr>\n<td class=\"xl62\" height=\"20\"><strong>Gr\u00f6\u00dfe<\/strong><\/td>\n<td>23 x 19 x 5 (10,3) mm<\/td>\n<td>\u00a045 x 42 x 11,6 mm<\/td>\n<\/tr>\n<tr>\n<td class=\"xl62\" height=\"20\"><strong>Spannung 1<\/strong><\/td>\n<td>3,3V<\/td>\n<td>5V<\/td>\n<\/tr>\n<tr>\n<td class=\"xl62\" height=\"20\"><strong>Spannung 2<\/strong><\/td>\n<td>3,3V &#8211; 21V (einstellbar)<\/td>\n<td>20V<\/td>\n<\/tr>\n<tr>\n<td class=\"xl62\" height=\"20\"><strong>Max. Strom<\/strong><\/td>\n<td>ca. 100mA<\/td>\n<td>ca. 50mA<\/td>\n<\/tr>\n<tr>\n<td class=\"xl62\" height=\"20\"><strong>Bauart<\/strong><\/td>\n<td>Bausatz<\/td>\n<td>Fertig<\/td>\n<\/tr>\n<\/tbody>\n<\/table>\n<p>Die zwei H\u00f6hen bei MicroBCU ergeben sich aus unterschiedlichen Best\u00fcckungsvarianten: Aluminium Kondensator (billger, h\u00f6her) oder Tantalum Kondensator (teurer, flacher).<\/p>\n<p>SiemensBCU hat einen (unschlagbaren) Vorteil: man kann sie einfach\u00a0in einem Gesch\u00e4ft erwerben.<\/p>\n<p>MicroBCU punktet bei der Gr\u00f6\u00dfe, maximal verf\u00fcgbarem Strom und einstellbarer Spannung. Die 2. Spannung ist, \u00fcbrigens, optional. Wenn die 3,3V im Projekt ausreichen, dann werden auch weniger Teile f\u00fcr MicroBCU ben\u00f6tigt. Auch 2 unterschiedliche Spannungen sind in manchen Projekten hilfreich. Z.B. <a href=\"https:\/\/www.konnekting.de\/2016\/12\/08\/konnekting-m0dularis\/\">braucht Alex&#8217;s M0dularis+<\/a>\u00a03.3V f\u00fcr den Kontroller und 5V f\u00fcr die Applikation (z.B. Relais). Mit Siemens BCU muss man 3.3V aus 5V erzeugen, MicroBCU hat beide Spannungen out of the box. \u00dcbrigens, Alex hat auch gleich ein <a href=\"https:\/\/www.konnekting.de\/2017\/02\/07\/erste-lebenszeichen-vom-modularen-controller\/\">Platz f\u00fcr MicroBCU<\/a> vorgesehen (gestrichelter Rechteck links vom \u00b5C) \ud83d\ude09<\/p>\n<p>Auf die Platine wird MicroBCU mithilfe vom Standard-Pinheader mit 2.54mm Rasterma\u00df gesteckt. Je nach Pinheader kann man die MicroBCU senkrecht oder waagerecht platzieren. Die Pinbelegung ist folgende:<\/p>\n<ul>\n<li>KNX+<\/li>\n<li>GND<\/li>\n<li>SAVE<\/li>\n<li>RX<\/li>\n<li>TX<\/li>\n<li>+VCC1 (3,3V)<\/li>\n<li>+VCC2 (optional)<\/li>\n<\/ul>\n<p>Wie geht es weiter? Ich bin dabei, die Dokumentation vorzubereiten, um den Preis auszurechnen. Danach wird MicroBCU als Bausatz zum Kauf angeboten.<\/p>\n","protected":false},"excerpt":{"rendered":"<p>In der Lektion 2 wurde eine Siemens BCU vorgestellt. Was passiert, wenn man ein sehr kleines KONNEKTING Device entwickeln m\u00f6chte und die Siemens BCU zu gro\u00df daf\u00fcr ist? Genau, man entwickelt eine eigene und kleinere BCU. So ist die MicroBCU entstanden:<\/p>\n","protected":false},"author":2,"featured_media":0,"parent":194,"menu_order":0,"comment_status":"closed","ping_status":"closed","template":"","meta":{"footnotes":""},"class_list":["post-453","page","type-page","status-publish","hentry"],"translation":{"provider":"WPGlobus","version":"3.0.2","language":"en","enabled_languages":["de","en"],"languages":{"de":{"title":true,"content":true,"excerpt":false},"en":{"title":false,"content":false,"excerpt":false}}},"_links":{"self":[{"href":"https:\/\/www.konnekting.de\/en\/wp-json\/wp\/v2\/pages\/453","targetHints":{"allow":["GET"]}}],"collection":[{"href":"https:\/\/www.konnekting.de\/en\/wp-json\/wp\/v2\/pages"}],"about":[{"href":"https:\/\/www.konnekting.de\/en\/wp-json\/wp\/v2\/types\/page"}],"author":[{"embeddable":true,"href":"https:\/\/www.konnekting.de\/en\/wp-json\/wp\/v2\/users\/2"}],"replies":[{"embeddable":true,"href":"https:\/\/www.konnekting.de\/en\/wp-json\/wp\/v2\/comments?post=453"}],"version-history":[{"count":4,"href":"https:\/\/www.konnekting.de\/en\/wp-json\/wp\/v2\/pages\/453\/revisions"}],"predecessor-version":[{"id":566,"href":"https:\/\/www.konnekting.de\/en\/wp-json\/wp\/v2\/pages\/453\/revisions\/566"}],"up":[{"embeddable":true,"href":"https:\/\/www.konnekting.de\/en\/wp-json\/wp\/v2\/pages\/194"}],"wp:attachment":[{"href":"https:\/\/www.konnekting.de\/en\/wp-json\/wp\/v2\/media?parent=453"}],"curies":[{"name":"wp","href":"https:\/\/api.w.org\/{rel}","templated":true}]}}