      {"id":197,"date":"2017-01-24T13:26:28","date_gmt":"2017-01-24T12:26:28","guid":{"rendered":"http:\/\/www.konnekting.de\/?page_id=197"},"modified":"2018-02-19T09:52:01","modified_gmt":"2018-02-19T08:52:01","slug":"uups","status":"publish","type":"page","link":"https:\/\/www.konnekting.de\/en\/projekte\/uups\/","title":{"rendered":"Universal Unterputz Schnittstelle (UUPS)"},"content":{"rendered":"<p>Die Universal Unterputz Schnittstelle (kurz UUPS) wurde, wie der Name schon vermuten l\u00e4sst, prim\u00e4r f\u00fcr den Einsatz in Unterputzdosen entwickelt. Die UUPS vereint einen <a href=\"https:\/\/www.konnekting.de\/konnekting-lernen\/lektion-2-was-steckt-in-der-siemens-bcu\/\" target=\"_blank\" rel=\"noopener\">KNX-Busankoppler<\/a> auf Basis des NCN5120 und Arduino ProMicro (Atmega 32u4) und das alles in einem 40x40x20mm kleinem Geh\u00e4use.<\/p>\n<p>Der Anwender kann\u00a0damit alles m\u00f6gliche an KNX anschlie\u00dfen. Beispielanwendungen: Tasten, Fensterkontakte, Sensoren wie z.B. Temperatur, Feuchte, Licht&#8230; (via <a href=\"https:\/\/de.wikipedia.org\/wiki\/I%C2%B2C\" target=\"_blank\" rel=\"noopener\">I2C<\/a>), &#8230;<\/p>\n<p>Zus\u00e4tzlich gibt es die M\u00f6glichkeit 1-Wire Devices\u00a0anzuschlie\u00dfen (z.B. DS18B20, iButton&#8230;).<\/p>\n<p>Die UUPS verf\u00fcgt \u00fcber eine Micro USB Schnittstelle, mit der man neue neue\/andere Firmware aufspielen kann, oder auch w\u00e4hrend der Entwicklung Debug-Meldungen zum Entwickler-PC schicken kann.<\/p>\n<p><img loading=\"lazy\" decoding=\"async\" class=\"alignnone size-medium wp-image-282\" src=\"https:\/\/www.konnekting.de\/wp-content\/uploads\/2017\/01\/Foto3-300x270.jpg\" alt=\"\" width=\"300\" height=\"270\" srcset=\"https:\/\/www.konnekting.de\/wp-content\/uploads\/2017\/01\/Foto3-300x270.jpg 300w, https:\/\/www.konnekting.de\/wp-content\/uploads\/2017\/01\/Foto3.jpg 512w\" sizes=\"auto, (max-width: 300px) 85vw, 300px\" \/> <img loading=\"lazy\" decoding=\"async\" class=\"alignnone size-medium wp-image-283\" src=\"https:\/\/www.konnekting.de\/wp-content\/uploads\/2017\/01\/Foto5-300x264.jpg\" alt=\"\" width=\"300\" height=\"264\" srcset=\"https:\/\/www.konnekting.de\/wp-content\/uploads\/2017\/01\/Foto5-300x264.jpg 300w, https:\/\/www.konnekting.de\/wp-content\/uploads\/2017\/01\/Foto5.jpg 512w\" sizes=\"auto, (max-width: 300px) 85vw, 300px\" \/><\/p>\n<p>Aktuell gibt es zwei Versionen der UUPS:<\/p>\n<ul>\n<li>Standard<\/li>\n<li><a href=\"https:\/\/de.wikipedia.org\/wiki\/Pulsweitenmodulation\" target=\"_blank\" rel=\"noopener\">PWM<\/a><\/li>\n<\/ul>\n<p>Beide Versionen unterscheiden sich nur internen Pin-Belegung:<\/p>\n<p><img loading=\"lazy\" decoding=\"async\" class=\"alignnone size-medium wp-image-284\" src=\"https:\/\/www.konnekting.de\/wp-content\/uploads\/2017\/01\/Pins-300x163.png\" alt=\"\" width=\"300\" height=\"163\" srcset=\"https:\/\/www.konnekting.de\/wp-content\/uploads\/2017\/01\/Pins-300x163.png 300w, https:\/\/www.konnekting.de\/wp-content\/uploads\/2017\/01\/Pins.png 635w\" sizes=\"auto, (max-width: 300px) 85vw, 300px\" \/><\/p>\n<p>Die PWM Version nutzt im Gegensatz zur Standardversion lediglich mehr PWM f\u00e4hige Pins des Mikrocontrollers, und wurde extra f\u00fcr einen &#8220;aufsteckbaren <a href=\"https:\/\/knx-user-forum.de\/forum\/projektforen\/konnekting\/1008366-mini-4ch-dimmer\" target=\"_blank\" rel=\"noopener\">4-Kanal-Dimmer<\/a>&#8221; entwickelt:<\/p>\n<p><img loading=\"lazy\" decoding=\"async\" class=\"alignnone size-full wp-image-285\" src=\"https:\/\/www.konnekting.de\/wp-content\/uploads\/2017\/01\/Dimmer1.jpg\" alt=\"\" width=\"222\" height=\"232\" \/><\/p>\n<p>Es gibt ein paar <a href=\"https:\/\/github.com\/KONNEKTING\/KonnektingFirmware\/tree\/master\/Universal-Flush-Interface\">fertige Sketches<\/a> um die UUPS sofort nutzen zu k\u00f6nnen. Es spricht nichts dagegen auch eigene Firmwares zu schreiben.<\/p>\n<p>Eine der g\u00e4ngigen Anwendungen der UUPS ist das\u00a0<a href=\"https:\/\/knx-user-forum.de\/forum\/projektforen\/konnekting\/926896-knx-schl%C3%BCsselbrett\">Digitale Schl\u00fcsselbrett<\/a>:<\/p>\n<p><img loading=\"lazy\" decoding=\"async\" class=\"alignnone size-medium wp-image-286\" src=\"https:\/\/www.konnekting.de\/wp-content\/uploads\/2017\/01\/Schluesselbrett-221x300.jpg\" alt=\"\" width=\"221\" height=\"300\" srcset=\"https:\/\/www.konnekting.de\/wp-content\/uploads\/2017\/01\/Schluesselbrett-221x300.jpg 221w, https:\/\/www.konnekting.de\/wp-content\/uploads\/2017\/01\/Schluesselbrett-768x1045.jpg 768w, https:\/\/www.konnekting.de\/wp-content\/uploads\/2017\/01\/Schluesselbrett-753x1024.jpg 753w, https:\/\/www.konnekting.de\/wp-content\/uploads\/2017\/01\/Schluesselbrett-1200x1632.jpg 1200w, https:\/\/www.konnekting.de\/wp-content\/uploads\/2017\/01\/Schluesselbrett.jpg 1966w\" sizes=\"auto, (max-width: 221px) 85vw, 221px\" \/><\/p>\n<p>Damit l\u00e4sst sich erkennen welcher Schl\u00fcssel &#8220;zu Hause&#8221; ist und somit bestimmte Szenen ausf\u00fchren oder auch Alarmanlage oder Licht steuern.<\/p>\n<p>Die technischen Details, Beispielsketches etc. zur UUPS findet man im <a href=\"https:\/\/github.com\/KONNEKTING\/KonnektingHardware\/tree\/master\/Universal-Flush-Interface\" target=\"_blank\" rel=\"noopener\">Github-Repository<\/a>.<\/p>\n<p>EDIT: Es gibt mittlerweile einen <a href=\"https:\/\/www.konnekting.de\/projekte\/multi-interface-mi\/\">Nachfolger<\/a> f\u00fcr die UUPS, deswegen werde ich keine neue UUPS mehr anbieten.<\/p>\n","protected":false},"excerpt":{"rendered":"<p>Die Universal Unterputz Schnittstelle (kurz UUPS) wurde, wie der Name schon vermuten l\u00e4sst, prim\u00e4r f\u00fcr den Einsatz in Unterputzdosen entwickelt. Die UUPS vereint einen KNX-Busankoppler auf Basis des NCN5120 und Arduino ProMicro (Atmega 32u4) und das alles in einem 40x40x20mm kleinem Geh\u00e4use. Der Anwender kann\u00a0damit alles m\u00f6gliche an KNX anschlie\u00dfen. Beispielanwendungen: Tasten, Fensterkontakte, Sensoren wie &hellip; <a href=\"https:\/\/www.konnekting.de\/en\/projekte\/uups\/\" class=\"more-link\">Continue reading<span class=\"screen-reader-text\"> &#8220;Universal Unterputz Schnittstelle (UUPS)&#8221;<\/span><\/a><\/p>\n","protected":false},"author":1,"featured_media":0,"parent":194,"menu_order":0,"comment_status":"closed","ping_status":"closed","template":"","meta":{"footnotes":""},"class_list":["post-197","page","type-page","status-publish","hentry"],"translation":{"provider":"WPGlobus","version":"3.0.2","language":"en","enabled_languages":["de","en"],"languages":{"de":{"title":true,"content":true,"excerpt":false},"en":{"title":false,"content":false,"excerpt":false}}},"_links":{"self":[{"href":"https:\/\/www.konnekting.de\/en\/wp-json\/wp\/v2\/pages\/197","targetHints":{"allow":["GET"]}}],"collection":[{"href":"https:\/\/www.konnekting.de\/en\/wp-json\/wp\/v2\/pages"}],"about":[{"href":"https:\/\/www.konnekting.de\/en\/wp-json\/wp\/v2\/types\/page"}],"author":[{"embeddable":true,"href":"https:\/\/www.konnekting.de\/en\/wp-json\/wp\/v2\/users\/1"}],"replies":[{"embeddable":true,"href":"https:\/\/www.konnekting.de\/en\/wp-json\/wp\/v2\/comments?post=197"}],"version-history":[{"count":8,"href":"https:\/\/www.konnekting.de\/en\/wp-json\/wp\/v2\/pages\/197\/revisions"}],"predecessor-version":[{"id":536,"href":"https:\/\/www.konnekting.de\/en\/wp-json\/wp\/v2\/pages\/197\/revisions\/536"}],"up":[{"embeddable":true,"href":"https:\/\/www.konnekting.de\/en\/wp-json\/wp\/v2\/pages\/194"}],"wp:attachment":[{"href":"https:\/\/www.konnekting.de\/en\/wp-json\/wp\/v2\/media?parent=197"}],"curies":[{"name":"wp","href":"https:\/\/api.w.org\/{rel}","templated":true}]}}