      {"id":191,"date":"2017-01-24T13:19:49","date_gmt":"2017-01-24T12:19:49","guid":{"rendered":"http:\/\/www.konnekting.de\/?page_id=191"},"modified":"2017-01-24T13:19:49","modified_gmt":"2017-01-24T12:19:49","slug":"unterstuetzen","status":"publish","type":"page","link":"https:\/\/www.konnekting.de\/en\/unterstuetzen\/","title":{"rendered":"Unterst\u00fctzen"},"content":{"rendered":"<p>Da wir in der vergangenen Zeit immer wieder angesprochen wurden ob und wie man das Projekt unterst\u00fctzen k\u00f6nnte:<\/p>\n<ol>\n<li>Bugs bei Github melden und allgemein Feedback geben<\/li>\n<li>Wer Hardware spenden m\u00f6chte kann das hier tun: <a href=\"http:\/\/www.amazon.de\/registry\/wishlist\/2D51LT5IMLCSY\" target=\"_blank\" rel=\"nofollow\">http:\/\/www.amazon.de\/registry\/wishlist\/2D51LT5IMLCSY<\/a><br \/>\n&#8230; wir verteilen dann entsprechend im Team.<\/li>\n<li>Wer finanziell uns unterst\u00fctzen m\u00f6chte kann das auch tun:\n<p><a href=\"https:\/\/www.paypal.com\/cgi-bin\/webscr?cmd=_s-xclick&amp;hosted_button_id=4CSJC7P3PVUYN\" target=\"_blank\" rel=\"nofollow\"><img decoding=\"async\" class=\"bbcode-attachment\" src=\"https:\/\/www.paypalobjects.com\/de_DE\/DE\/i\/btn\/btn_donateCC_LG.gif\" alt=\"\" border=\"0\" \/><\/a><\/li>\n<\/ol>\n","protected":false},"excerpt":{"rendered":"<p>Da wir in der vergangenen Zeit immer wieder angesprochen wurden ob und wie man das Projekt unterst\u00fctzen k\u00f6nnte: Bugs bei Github melden und allgemein Feedback geben Wer Hardware spenden m\u00f6chte kann das hier tun: http:\/\/www.amazon.de\/registry\/wishlist\/2D51LT5IMLCSY &#8230; wir verteilen dann entsprechend im Team. Wer finanziell uns unterst\u00fctzen m\u00f6chte kann das auch tun:<\/p>\n","protected":false},"author":1,"featured_media":0,"parent":0,"menu_order":0,"comment_status":"closed","ping_status":"closed","template":"","meta":{"footnotes":""},"class_list":["post-191","page","type-page","status-publish","hentry"],"translation":{"provider":"WPGlobus","version":"3.0.2","language":"en","enabled_languages":["de","en"],"languages":{"de":{"title":true,"content":true,"excerpt":false},"en":{"title":false,"content":false,"excerpt":false}}},"_links":{"self":[{"href":"https:\/\/www.konnekting.de\/en\/wp-json\/wp\/v2\/pages\/191","targetHints":{"allow":["GET"]}}],"collection":[{"href":"https:\/\/www.konnekting.de\/en\/wp-json\/wp\/v2\/pages"}],"about":[{"href":"https:\/\/www.konnekting.de\/en\/wp-json\/wp\/v2\/types\/page"}],"author":[{"embeddable":true,"href":"https:\/\/www.konnekting.de\/en\/wp-json\/wp\/v2\/users\/1"}],"replies":[{"embeddable":true,"href":"https:\/\/www.konnekting.de\/en\/wp-json\/wp\/v2\/comments?post=191"}],"version-history":[{"count":1,"href":"https:\/\/www.konnekting.de\/en\/wp-json\/wp\/v2\/pages\/191\/revisions"}],"predecessor-version":[{"id":192,"href":"https:\/\/www.konnekting.de\/en\/wp-json\/wp\/v2\/pages\/191\/revisions\/192"}],"wp:attachment":[{"href":"https:\/\/www.konnekting.de\/en\/wp-json\/wp\/v2\/media?parent=191"}],"curies":[{"name":"wp","href":"https:\/\/api.w.org\/{rel}","templated":true}]}}