      {"id":172,"date":"2017-01-24T12:59:32","date_gmt":"2017-01-24T11:59:32","guid":{"rendered":"http:\/\/www.konnekting.de\/?page_id=172"},"modified":"2017-02-14T10:21:13","modified_gmt":"2017-02-14T09:21:13","slug":"faq","status":"publish","type":"page","link":"https:\/\/www.konnekting.de\/en\/faq\/","title":{"rendered":"H\u00e4ufig gestellte Fragen"},"content":{"rendered":"<blockquote><p>KONNEKTING? Was ist das?<\/p><\/blockquote>\n<p>KONNEKTING ist ein OpenSource Projekt, das es einem erm\u00f6glicht, auf Basis eines Arduinos, selbst KNX Ger\u00e4te zu bauen.<\/p>\n<blockquote><p>Warum kann ich nicht einfach statt der KONNEKTING Suite meine ETS verwenden um die KONNEKTING Ger\u00e4te einzustellen? Ich hab keine Lust auf zwei Software-Tools\u2026<\/p><\/blockquote>\n<p>Das liegt schlicht und einfach daran, dass man eine f\u00fcr die ETS notwendige Produktdatenbank-Datei (.knxprod) nicht <em>einfach so<\/em> erstellen kann.\u00a0Man muss hierf\u00fcr <span style=\"color: #999999;\">(die folgende Liste erhebt keinen Anspruch auf formelle Korrektheit)<\/span>:<\/p>\n<ul>\n<li>KNX Mitglied sein &#8211;&gt; das kostet einen nicht unerheblichen Beitrag,<\/li>\n<li>muss sich die KNX Developer Tools kaufen &#8211;&gt; die soweit wir wissen im vierstelligen Bereich kosten,<\/li>\n<li>muss seine Ger\u00e4te von einem entsprechend KNX zertifiziertem Pr\u00fcflabor &#8220;testen&#8221; lassen &#8211;&gt; was das kostet wollen wir erst gar nicht wissen<\/li>\n<\/ul>\n<p>Okay, theoretisch ginge es schon, aber das ist rechtlich wenn \u00fcberhaupt eine Grauzone die wir nicht betreten wollen:<br \/>\nEs ist bereits gelungen, mit einem aus der ETS extrahierten \u201cprivaten Schl\u00fcssel\u201d selbst eine \u201c.knxprod\u201d Datei anzulegen und zu signieren, so dass die ETS meint die Datei w\u00e4re legitim.<br \/>\nAber dieses Reverse-Engineering des privaten Schl\u00fcssels f\u00e4llt sicherlich in die Schublade \u201cumgehen eines wirksamen Kopierschutzes\u201d (wobei \u201cwirksam\u201d vom Gesetzgeber \u00e4u\u00dferst dehnf\u00e4hig ausgelegt ist). Und das ist nun mal nicht erlaubt. Und wir wollen uns und Euch Probleme damit ersparen.<\/p>\n<p>Folglich braucht es eine eigene Software.<\/p>\n<blockquote><p>Wenn ihr nicht ETS Kompatibel seid, seid ihr wenigsten KNX Spec Konform?<\/p><\/blockquote>\n<p>Wir setzen in der aktuellen Version nicht auf das Standard-Programmierverhalten wie es die KNX Spec vorsieht. Stattdessen gehen wir bei der Programmierung eines Ger\u00e4tes den Weg \u00fcber Gruppentelegramme: Die Suite und der Arduino kommunizieren \u00fcber die &#8211; in der Regel ungenutzte &#8211; Gruppenadresse 15\/7\/255 miteinander und nutzen das Spektrum von 14 zur Verf\u00fcgung stehenden Bytes pro Telegramm. Das oben genannte betrifft nur die \u201cProgrammierung\u201d des Ger\u00e4tes &#8211; im normalen Betrieb am Bus verh\u00e4lt sich das Ger\u00e4t nat\u00fcrlich wie jedes andere KNX-Ger\u00e4t auch und sendet und empf\u00e4ngt Gruppentelegramme. Durch die Verwendung von KNX konformen und zertifizierten <a href=\"https:\/\/www.konnekting.de\/konnekting-lernen\/lektion-2-was-steckt-in-der-siemens-bcu\/\">Transceiver-ICs<\/a> in der Schaltung sind wir von der elektrischen Seite her KNX Konform. Wir nutzen lediglich Gruppentelegramme f\u00fcr unsere Programmierung.<br \/>\nLange Rede Kurze Antwort: Ja, wir sind KNX Spec Konform, aber nicht &#8220;KNX Zertifiziert&#8221;\u00a0und d\u00fcrfen somit auch nicht das KNX Logo tragen.<\/p>\n<blockquote><p>Wieso sollte ich KONNEKTING verwenden? KONNEKTING ist ja kein Standard wie KNX&#8230;<\/p><\/blockquote>\n<p>Mit KONNEKTING hast du die Freiheit zu tun was DU willst. Du bist Herr \u00fcber die Hardware und Firmware. Mit einem KNX-Kauf-Ger\u00e4t folgst du zwar dem Standard, aber bist auf den Funktionsumfang des Herstellers festgenagelt.\u00a0Kaum ein Hersteller bietet die M\u00f6glichkeit Firmware-Updates durch den Endbenutzer durchzuf\u00fchren. Mit KONNEKTING hast du eine Community die sich um die Firmware k\u00fcmmert. Eine neue Firmware hast du im Handumdrehen selbst eingespielt.<\/p>\n<p>Ein weiterer Punkt der f\u00fcr KONNEKTING spricht: Nichts ist unm\u00f6glich. Du hast einen Anwendungsfall f\u00fcr den es noch kein KNX Ger\u00e4t gibt? Prima, dann lass uns ein neues Ger\u00e4t f\u00fcr diesen Fall konstruieren.<\/p>\n<p>Und zuguter letzt: KONNEKTING ist OpenSource. Das hei\u00dft, die Software ist frei zug\u00e4nglich, kann von jedermann eingesehen, ver\u00e4ndert und verbessert werden.<\/p>\n<blockquote><p>Wie lange h\u00e4lt so ein KONNEKTING Ger\u00e4t? &#8220;Normale&#8221; KNX Ger\u00e4te halten ja locker 20-30 Jahre&#8230;<\/p><\/blockquote>\n<p>Die Lebensdauer eines jeden Elektroger\u00e4tes h\u00e4ngt ma\u00dfgeblich vom Design der Schaltung, Dimensionierung der Bauteile, sowie deren Qualit\u00e4t ab. Aber auch die Herstellung spielt eine Rolle.<\/p>\n<p>Wir verwenden f\u00fcr den KNX-Anschluss die gleichen Chips wie die gro\u00dfen Hersteller. Und wir legen ebenso beim Design der Schaltung Wert auf Qualit\u00e4t und Einhaltung von Normen.<\/p>\n<p>Wir sehen keinen Grund, warum KONNEKTING Ger\u00e4te nicht genau so lange halten sollten wie andere KNX Ger\u00e4te. Und Gesetz dem Fall ein Ger\u00e4t sollte doch einmal fr\u00fchzeitig einen Defekt haben: Zu jedem Ger\u00e4t existieren Schaltpl\u00e4ne. Defekte Teile lassen sich so einfach identifizieren und austauschen. Und wer dem nicht gewachsen ist, der kann immer noch die Community um Hilfe bitten.<\/p>\n<p>Bei einem Kauf-Ger\u00e4t hat man seltenst mehr als 3-5 Jahre Herstellergarantie. Sollte hier nach Ablauf der Garantie oder Gew\u00e4hrleistung ein Defekt auftreten, ist eine Reparatur f\u00fcr gew\u00f6hnlich entweder nicht m\u00f6glich (da keine Pl\u00e4ne existieren), oder teurer als ein Neukauf. Und beim Neukauf ist es nicht mal sicher, dass man das gleiche Ger\u00e4t noch einmal bekommt. Man wird sich also ein passendes Ersatzger\u00e4t suchen m\u00fcssen, das ggf. einen anderen Funktionsumfang hat und damit nicht mehr ganz so gut\u00a0in das bestehende Konzept passt.<\/p>\n","protected":false},"excerpt":{"rendered":"<p>KONNEKTING? Was ist das? KONNEKTING ist ein OpenSource Projekt, das es einem erm\u00f6glicht, auf Basis eines Arduinos, selbst KNX Ger\u00e4te zu bauen. Warum kann ich nicht einfach statt der KONNEKTING Suite meine ETS verwenden um die KONNEKTING Ger\u00e4te einzustellen? Ich hab keine Lust auf zwei Software-Tools\u2026 Das liegt schlicht und einfach daran, dass man eine &hellip; <a href=\"https:\/\/www.konnekting.de\/en\/faq\/\" class=\"more-link\">Continue reading<span class=\"screen-reader-text\"> &#8220;H\u00e4ufig gestellte Fragen&#8221;<\/span><\/a><\/p>\n","protected":false},"author":1,"featured_media":0,"parent":0,"menu_order":0,"comment_status":"closed","ping_status":"closed","template":"","meta":{"footnotes":""},"class_list":["post-172","page","type-page","status-publish","hentry"],"translation":{"provider":"WPGlobus","version":"3.0.2","language":"en","enabled_languages":["de","en"],"languages":{"de":{"title":true,"content":true,"excerpt":false},"en":{"title":false,"content":false,"excerpt":false}}},"_links":{"self":[{"href":"https:\/\/www.konnekting.de\/en\/wp-json\/wp\/v2\/pages\/172","targetHints":{"allow":["GET"]}}],"collection":[{"href":"https:\/\/www.konnekting.de\/en\/wp-json\/wp\/v2\/pages"}],"about":[{"href":"https:\/\/www.konnekting.de\/en\/wp-json\/wp\/v2\/types\/page"}],"author":[{"embeddable":true,"href":"https:\/\/www.konnekting.de\/en\/wp-json\/wp\/v2\/users\/1"}],"replies":[{"embeddable":true,"href":"https:\/\/www.konnekting.de\/en\/wp-json\/wp\/v2\/comments?post=172"}],"version-history":[{"count":10,"href":"https:\/\/www.konnekting.de\/en\/wp-json\/wp\/v2\/pages\/172\/revisions"}],"predecessor-version":[{"id":374,"href":"https:\/\/www.konnekting.de\/en\/wp-json\/wp\/v2\/pages\/172\/revisions\/374"}],"wp:attachment":[{"href":"https:\/\/www.konnekting.de\/en\/wp-json\/wp\/v2\/media?parent=172"}],"curies":[{"name":"wp","href":"https:\/\/api.w.org\/{rel}","templated":true}]}}