      {"id":120,"date":"2017-01-13T07:55:39","date_gmt":"2017-01-13T06:55:39","guid":{"rendered":"http:\/\/konnekting.de\/?page_id=120"},"modified":"2017-01-24T13:16:49","modified_gmt":"2017-01-24T12:16:49","slug":"konnekting-device-library","status":"publish","type":"page","link":"https:\/\/www.konnekting.de\/en\/software-docs\/konnekting-device-library\/","title":{"rendered":"KONNEKTING Device Library"},"content":{"rendered":"<p>Die Library f\u00fcr den Arduino basiert auf der Entwicklung von <a href=\"https:\/\/github.com\/franckmarini\/KnxDevice\" target=\"_blank\" rel=\"nofollow\" data-cke-saved-href=\"https:\/\/github.com\/franckmarini\/KnxDevice\">Franck Marini<\/a>, mit einer Erweiterung, entwickelt von uns, um die Ger\u00e4te \u00fcber den Bus parametrieren zu k\u00f6nnen (Details dazu sp\u00e4ter in diesem Text). So ausgestattete Arduino-Ger\u00e4te nennen wir <b>KONNEKTING Device<\/b>, kurz <b><i>kdevice<\/i><\/b>.<\/p>\n<p>Seit Beta4 der KONNEKTING Device Library k\u00f6nnt ihr direkt in der Arduino IDE mit dem Bibliotheksverwalter runterladen\/einstellen:<\/p>\n<p><img loading=\"lazy\" decoding=\"async\" class=\"alignnone wp-image-185\" src=\"https:\/\/www.konnekting.de\/wp-content\/uploads\/2017\/01\/arduino-manage-libs-300x213.png\" alt=\"\" width=\"697\" height=\"495\" srcset=\"https:\/\/www.konnekting.de\/wp-content\/uploads\/2017\/01\/arduino-manage-libs-300x213.png 300w, https:\/\/www.konnekting.de\/wp-content\/uploads\/2017\/01\/arduino-manage-libs-768x545.png 768w, https:\/\/www.konnekting.de\/wp-content\/uploads\/2017\/01\/arduino-manage-libs.png 921w\" sizes=\"auto, (max-width: 697px) 85vw, 697px\" \/><\/p>\n<p><a href=\"https:\/\/www.konnekting.de\/wp-content\/uploads\/2017\/01\/arduino-manage-libs2.png\"><img loading=\"lazy\" decoding=\"async\" class=\"alignnone wp-image-184\" src=\"https:\/\/www.konnekting.de\/wp-content\/uploads\/2017\/01\/arduino-manage-libs2-300x169.png\" alt=\"\" width=\"605\" height=\"341\" srcset=\"https:\/\/www.konnekting.de\/wp-content\/uploads\/2017\/01\/arduino-manage-libs2-300x169.png 300w, https:\/\/www.konnekting.de\/wp-content\/uploads\/2017\/01\/arduino-manage-libs2-768x432.png 768w, https:\/\/www.konnekting.de\/wp-content\/uploads\/2017\/01\/arduino-manage-libs2.png 799w\" sizes=\"auto, (max-width: 605px) 85vw, 605px\" \/><\/a><\/p>\n","protected":false},"excerpt":{"rendered":"<p>Die Library f\u00fcr den Arduino basiert auf der Entwicklung von Franck Marini, mit einer Erweiterung, entwickelt von uns, um die Ger\u00e4te \u00fcber den Bus parametrieren zu k\u00f6nnen (Details dazu sp\u00e4ter in diesem Text). So ausgestattete Arduino-Ger\u00e4te nennen wir KONNEKTING Device, kurz kdevice. Seit Beta4 der KONNEKTING Device Library k\u00f6nnt ihr direkt in der Arduino IDE &hellip; <a href=\"https:\/\/www.konnekting.de\/en\/software-docs\/konnekting-device-library\/\" class=\"more-link\">Continue reading<span class=\"screen-reader-text\"> &#8220;KONNEKTING Device Library&#8221;<\/span><\/a><\/p>\n","protected":false},"author":1,"featured_media":0,"parent":123,"menu_order":0,"comment_status":"closed","ping_status":"closed","template":"","meta":{"footnotes":""},"class_list":["post-120","page","type-page","status-publish","hentry"],"translation":{"provider":"WPGlobus","version":"3.0.2","language":"en","enabled_languages":["de","en"],"languages":{"de":{"title":true,"content":true,"excerpt":false},"en":{"title":false,"content":false,"excerpt":false}}},"_links":{"self":[{"href":"https:\/\/www.konnekting.de\/en\/wp-json\/wp\/v2\/pages\/120","targetHints":{"allow":["GET"]}}],"collection":[{"href":"https:\/\/www.konnekting.de\/en\/wp-json\/wp\/v2\/pages"}],"about":[{"href":"https:\/\/www.konnekting.de\/en\/wp-json\/wp\/v2\/types\/page"}],"author":[{"embeddable":true,"href":"https:\/\/www.konnekting.de\/en\/wp-json\/wp\/v2\/users\/1"}],"replies":[{"embeddable":true,"href":"https:\/\/www.konnekting.de\/en\/wp-json\/wp\/v2\/comments?post=120"}],"version-history":[{"count":5,"href":"https:\/\/www.konnekting.de\/en\/wp-json\/wp\/v2\/pages\/120\/revisions"}],"predecessor-version":[{"id":186,"href":"https:\/\/www.konnekting.de\/en\/wp-json\/wp\/v2\/pages\/120\/revisions\/186"}],"up":[{"embeddable":true,"href":"https:\/\/www.konnekting.de\/en\/wp-json\/wp\/v2\/pages\/123"}],"wp:attachment":[{"href":"https:\/\/www.konnekting.de\/en\/wp-json\/wp\/v2\/media?parent=120"}],"curies":[{"name":"wp","href":"https:\/\/api.w.org\/{rel}","templated":true}]}}